{"id":3,"date":"2023-01-25T20:16:57","date_gmt":"2023-01-25T20:16:57","guid":{"rendered":"https:\/\/www.mk-nautica.eu\/?page_id=3"},"modified":"2023-02-25T14:23:15","modified_gmt":"2023-02-25T14:23:15","slug":"privacy-policy","status":"publish","type":"page","link":"https:\/\/www.mk-nautica.eu\/it\/privacy-policy\/","title":{"rendered":"PRIVACY E TERMINI DI UTILIZZO"},"content":{"rendered":"<header class=\"entry-header\">\r\n<h1 class=\"entry-title wp-block-heading\">INFORMATIVA SULLA PRIVACY<\/h1>\r\n<\/header>\r\n<div class=\"entry-content\">\r\n<p>MK Nautica doo si impegna a rispettare l&#039;anonimato e la privacy degli utenti di questo sito web. MK Nautica doo pu\u00f2 raccogliere dati personali dell&#039;utente, come nome, indirizzo, numero di telefono o indirizzo e-mail, solo se l&#039;utente li fornisce volontariamente a MKNautica doo Raccogliamo solo i dati necessari e di base sui clienti\/utenti che ci consentono di indirizzare loro in quanto forniremo loro il servizio che hanno richiesto. Tutti i dati dell&#039;utente sono rigorosamente conservati e sono disponibili solo per i dipendenti che necessitano di questi dati per svolgere il proprio lavoro. MK Nautica doo tratta tutti i dati personali, come nome, indirizzo, numero di telefono, indirizzo e-mail o numero di dispositivo mobile, che il visitatore invia tramite posta elettronica, tramite moduli o in qualsiasi altro modo, come segreto commerciale e non condivide con terzi. MK Nautica metter\u00e0 a disposizione di terzi i dati degli utenti solo su richiesta ufficiale, ovvero per \u201cforza\u201d di legge.<\/p>\r\n<p>Eventuali future modifiche alla presente informativa sulla privacy saranno pubblicate su questa pagina. \u00c8 responsabilit\u00e0 dell&#039;utente controllare periodicamente la presente informativa sulla privacy per eventuali modifiche.<\/p>\r\n<p>Ci impegniamo a rispettare i seguenti principi di protezione dei dati:<\/p>\r\n<ul>\r\n<li>La privacy degli utenti e la protezione dei dati sono diritti umani<\/li>\r\n<li>Abbiamo il dovere di prenderci cura degli utenti e dei loro dati<\/li>\r\n<li>I dati sono una responsabilit\u00e0, vanno raccolti e trattati solo quando \u00e8 realmente necessario<\/li>\r\n<li>Il trattamento dei dati \u00e8 legale, corretto e trasparente. Il nostro processo di trattamento dei dati ha una base legale. Consideriamo sempre i tuoi diritti prima di elaborare i tuoi dati personali. Su tua richiesta, ti forniremo informazioni sul trattamento dei tuoi dati.<\/li>\r\n<li>Il trattamento dei dati \u00e8 limitato allo scopo. I nostri processi di trattamento dei dati corrispondono allo scopo per il quale i dati personali sono stati raccolti.<\/li>\r\n<li>Il trattamento dei dati viene eseguito con una quantit\u00e0 minima di dati. Raccogliamo ed elaboriamo la quantit\u00e0 minima di dati personali necessari per qualsiasi scopo.<\/li>\r\n<li>Il trattamento \u00e8 limitato da un periodo di tempo. Non conserveremo i tuoi dati personali pi\u00f9 a lungo del necessario.<\/li>\r\n<li>Faremo di tutto per garantire l&#039;accuratezza dei dati.<\/li>\r\n<li>Non venderemo, affitteremo o altrimenti distribuiremo o divulgheremo pubblicamente le tue informazioni personali. Faremo di tutto per garantire l&#039;integrit\u00e0 e la riservatezza dei dati.<\/li>\r\n<\/ul>\r\n<h3>Dati che raccogliamo<\/h3>\r\n<p>I tuoi dati che hai accettato di condividere con noi<\/p>\r\n<p>Questo pu\u00f2 essere il tuo indirizzo e-mail, nome, numero di telefono, indirizzo di casa, ecc. \u2013 per lo pi\u00f9 informazioni necessarie per fornire il prodotto o il servizio o per migliorare la tua esperienza utente.\u00a0<\/p>\r\n<p>Quando invia una richiesta tramite il modulo di contatto sulla pagina, l&#039;utente fornisce direttamente i seguenti dati personali:<br \/>1. Nome e cognome\/ragione sociale<br \/>2. Telefono di contatto<br \/>3. E-mail dell&#039;utente<br \/>4. Messaggio dell&#039;utente<\/p>\r\n<h3>Informazioni su di te raccolte automaticamente<\/h3>\r\n<p>Ci\u00f2 include le informazioni memorizzate automaticamente dai cookie e da altri strumenti di sessione. Ad esempio, informazioni sul tuo indirizzo IP, cronologia degli acquisti (se presente), ecc. Queste informazioni vengono utilizzate per migliorare la tua esperienza utente. Quando utilizzi i nostri servizi o visualizzi il contenuto del nostro sito Web, le tue attivit\u00e0 potrebbero essere segnalate.<\/p>\r\n<p>Raccolta dati indiretta<br \/>1. Tramite i cookie: all&#039;utente viene assegnato un identificatore univoco tramite il metodo dei cookie (maggiori informazioni in &quot;Cookie&quot;)<\/p>\r\n<h3>Come utilizziamo i tuoi dati personali<\/h3>\r\n<\/div>\r\n<p>L&#039;uso delle informazioni raccolte accettando queste regole sulla privacy e termini di utilizzo, l&#039;utente d\u00e0 il suo consenso che i dati raccolti attraverso www.mk-nautica.eu possono essere utilizzati.<\/p>\r\n<p>Trattiamo i tuoi dati personali al fine di adempiere all&#039;obbligo derivante da\u00a0<a href=\"https:\/\/narodne-novine.nn.hr\/clanci\/sluzbeni\/2018_05_42_805.html\">della legge sull&#039;attuazione del regolamento generale sulla protezione dei dati<\/a> e utilizziamo i tuoi dati personali nei modi prescritti dalla stessa legge. Ci riserviamo il diritto di rendere anonimi i dati personali raccolti e di utilizzarli. Utilizzeremo i dati al di fuori dell&#039;ambito di questa legge solo se sono anonimi. Conserviamo i tuoi dati e altre informazioni raccolte su di te finch\u00e9 \u00e8 necessario per scopi contabili o altri obblighi derivanti dalla legge, ma non pi\u00f9 di 10 anni.<\/p>\r\n<p>Questo sito Web \u00e8 stato progettato in conformit\u00e0 con le seguenti leggi nazionali e internazionali relative alla protezione dei dati e alla privacy degli utenti:<\/p>\r\n<ul>\r\n<li><a href=\"http:\/\/eur-lex.europa.eu\/legal-content\/HR\/TXT\/?uri=CELEX%3A31995L0046\">Direttiva UE sulla protezione dei dati (DPD)<\/a><\/li>\r\n<li><a href=\"https:\/\/www.zakon.hr\/z\/193\/Zakon-o-za%C5%A1titi-potro%C5%A1a%C4%8Da\">legge sulla tutela dei consumatori<\/a><\/li>\r\n<li><a href=\"https:\/\/www.zakon.hr\/z\/220\/Zakon-o-za%C5%A1titi-osobnih-podataka\">Legge sulla protezione dei dati personali<\/a><\/li>\r\n<li><a href=\"http:\/\/eur-lex.europa.eu\/legal-content\/HR\/TXT\/?uri=CELEX%3A31995L0046\">Regolamento generale sulla protezione dei dati dell&#039;UE (GDPR)<\/a><\/li>\r\n<\/ul>\r\n\r\n\r\n\r\n\r\n\r\n<h2 class=\"wp-block-heading\">BISCOTTI<\/h2>\r\n\r\n\r\n\r\n<p>Utilizziamo cookie o tecnologie simili per analizzare il comportamento degli utenti, amministrare il sito Web, tracciare i movimenti degli utenti e raccogliere dati sugli utenti. Lo facciamo per personalizzare e migliorare la tua esperienza con noi.<\/p>\r\n<p>Un cookie \u00e8 un piccolo file di testo memorizzato sul tuo computer. I cookie memorizzano le informazioni utilizzate per far funzionare i siti web. Solo noi possiamo accedere ai cookie creati dal nostro sito web. Puoi controllare i cookie a livello di browser. La scelta di disabilitare i cookie potrebbe interferire con l&#039;utilizzo di alcune funzioni del sito.<\/p>\r\n<p>Cosa sono i cookie temporanei?<br \/>I cookie temporanei o cookie di sessione vengono rimossi dal computer alla chiusura del browser Internet. I siti Web li utilizzano per archiviare dati temporanei.<\/p>\r\n<p>Cosa sono i cookie persistenti?<br \/>I cookie permanenti o salvati rimangono sul computer dopo la chiusura del programma del browser Internet. Con loro, i siti Web memorizzano informazioni, come il nome di accesso e la password, quindi non \u00e8 necessario accedere ogni volta che si visita un determinato sito.<\/p>\r\n<p>Utilizziamo i cookie per i seguenti scopi:<\/p>\r\n<p>Cookie necessari (necessari): questi cookie sono necessari per utilizzare alcune funzionalit\u00e0 importanti sul nostro sito Web, come l&#039;accesso. Questi cookie non raccolgono dati personali.<br \/>Cookie per funzionalit\u00e0 (per le impostazioni): questi cookie abilitano funzionalit\u00e0 che semplificano il nostro servizio e consentono la fornitura di opzioni pi\u00f9 personalizzate. Ad esempio, potrebbero ricordare il tuo nome e la tua email nei commenti e\/o nei moduli di contatto in modo che tu non debba reinserire queste informazioni la prossima volta che commenti e\/o compili un modulo di contatto.<br \/>Cookie di Google Analytics (statistici): questi cookie vengono utilizzati per tracciare l&#039;utilizzo e le prestazioni dei nostri siti Web e servizi<br \/>Cookie per la pubblicit\u00e0 (Marketing): questi cookie vengono utilizzati per visualizzare annunci pertinenti per te e per i tuoi interessi. Inoltre, vengono utilizzati per limitare il numero di impressioni dell&#039;annuncio. Di solito vengono inseriti in un sito web da reti pubblicitarie con il permesso del gestore del sito web. Questi cookie ricordano che hai visitato il sito Web e che le informazioni sono condivise con altre organizzazioni, come gli inserzionisti. Spesso i cookie pubblicitari saranno associati a una funzione del sito Web fornita da un&#039;altra organizzazione.<br \/>Puoi rimuovere i cookie memorizzati sul tuo computer attraverso le impostazioni del tuo browser. In alternativa, puoi controllare alcuni cookie di terze parti utilizzando una piattaforma di miglioramento della privacy come optout.aboutads.info o youronlinechoices.com. Puoi trovare ulteriori informazioni sui cookie su allaboutcookies.org.<\/p>\r\n\r\n\r\n<header class=\"entry-header\">\r\n<h1 class=\"entry-title wp-block-heading\">TERMINI DI UTILIZZO<\/h1>\r\n<\/header>\r\n<div class=\"entry-content\">\r\n<p>Qualsiasi utilizzo del sito web www.mk-nautica.eu \u00e8 soggetto alle condizioni di seguito elencate. I documenti pubblicati su questo sito Web possono essere copiati solo per scopi non commerciali e solo per uso individuale e nel rispetto di tutti i diritti d&#039;autore. I documenti pubblicati in questa pagina sono di propriet\u00e0 di MK Nautica o di altri soggetti che rappresentano un partner commerciale. Pertanto, non possono essere ulteriormente copiati, riprodotti o altrimenti distribuiti senza l&#039;espresso consenso di MK Nautica doo o dei suoi partner. MK Nautica doo far\u00e0 uno sforzo ragionevole per trovare informazioni accurate e aggiornate sul sito web, ma non pu\u00f2 essere ritenuta responsabile per la loro accuratezza e completezza. Tutti gli utenti che accedono al sito www.mk-nautica.eu ne utilizzano il contenuto a proprio rischio. MK Nautica doo non sar\u00e0 responsabile per eventuali danni diretti, accidentali, consequenziali, indiretti o punitivi derivanti dall&#039;accesso, dall&#039;uso o dall&#039;impossibilit\u00e0 di utilizzare il sito Web www.mk-nautica.eu o per qualsiasi errore o incompletezza nel suo contenuto. MK Nautica doo si riserva il diritto di modificare il contenuto di questo sito Web in qualsiasi modo, in qualsiasi momento e per qualsiasi motivo, e non sar\u00e0 responsabile per eventuali conseguenze derivanti da tali modifiche. I prezzi elencati sono comprensivi di IVA e sono a scopo informativo e sono soggetti a modifiche.<\/p>\r\n<p>Eventuali future modifiche ai presenti Termini saranno pubblicate su questa pagina. \u00c8 responsabilit\u00e0 dell&#039;utente controllare periodicamente le presenti Condizioni d&#039;uso per eventuali modifiche.<\/p>\r\n<p><br \/>Ultima modifica dei Termini di utilizzo 25\/02\/2023.<\/p>\r\n<p>Ultima modifica della presente informativa sulla privacy 25.02.2023.<\/p>\r\n<\/div>","protected":false},"excerpt":{"rendered":"<p>INFORMATIVA SULLA PRIVACY MK Nautica doo si impegna a rispettare l&#039;anonimato e la privacy degli utenti di questo sito web. MK Nautica doo pu\u00f2 raccogliere dati personali degli utenti, come...<\/p>","protected":false},"author":1,"featured_media":0,"parent":0,"menu_order":0,"comment_status":"closed","ping_status":"open","template":"","meta":{"footnotes":""},"class_list":["post-3","page","type-page","status-publish"],"acf":[],"_links":{"self":[{"href":"https:\/\/www.mk-nautica.eu\/it\/wp-json\/wp\/v2\/pages\/3","targetHints":{"allow":["GET"]}}],"collection":[{"href":"https:\/\/www.mk-nautica.eu\/it\/wp-json\/wp\/v2\/pages"}],"about":[{"href":"https:\/\/www.mk-nautica.eu\/it\/wp-json\/wp\/v2\/types\/page"}],"author":[{"embeddable":true,"href":"https:\/\/www.mk-nautica.eu\/it\/wp-json\/wp\/v2\/users\/1"}],"replies":[{"embeddable":true,"href":"https:\/\/www.mk-nautica.eu\/it\/wp-json\/wp\/v2\/comments?post=3"}],"version-history":[{"count":3,"href":"https:\/\/www.mk-nautica.eu\/it\/wp-json\/wp\/v2\/pages\/3\/revisions"}],"predecessor-version":[{"id":6358,"href":"https:\/\/www.mk-nautica.eu\/it\/wp-json\/wp\/v2\/pages\/3\/revisions\/6358"}],"wp:attachment":[{"href":"https:\/\/www.mk-nautica.eu\/it\/wp-json\/wp\/v2\/media?parent=3"}],"curies":[{"name":"wp","href":"https:\/\/api.w.org\/{rel}","templated":true}]}}