{"id":5905,"date":"2023-02-07T17:56:33","date_gmt":"2023-02-07T17:56:33","guid":{"rendered":"https:\/\/www.mk-nautica.eu\/?page_id=5905"},"modified":"2023-03-13T14:54:40","modified_gmt":"2023-03-13T14:54:40","slug":"prijevoz-plovila","status":"publish","type":"page","link":"https:\/\/www.mk-nautica.eu\/de\/prijevoz-plovila\/","title":{"rendered":"TRANSPORT VON BOOTEN"},"content":{"rendered":"<div id=\"fws_69eb6e010a152\"  data-column-margin=\"default\" data-midnight=\"light\" data-top-percent=\"10%\" data-bottom-percent=\"15%\"  class=\"wpb_row vc_row-fluid vc_row full-width-section parallax_section\"  style=\"padding-top: calc(100vw * 0.10); padding-bottom: calc(100vw * 0.15); \"><div class=\"row-bg-wrap\" data-bg-animation=\"none\" data-bg-animation-delay=\"\" data-bg-overlay=\"true\"><div class=\"inner-wrap row-bg-layer using-image\" ><div class=\"row-bg viewport-desktop using-image using-bg-color\" data-parallax-speed=\"fast\" style=\"background-image: url(https:\/\/www.mk-nautica.eu\/wp-content\/uploads\/2023\/01\/hd-wallpaper-g460404313_1280.jpg); background-position: left top; background-repeat: no-repeat; background-color: #1e73be; \"><\/div><\/div><div class=\"row-bg-overlay row-bg-layer\" style=\"background: rgba(30,40,188,0.94); background: linear-gradient(135deg,rgba(30,40,188,0.94) 0%,rgba(46,211,151,0.71) 100%);  opacity: 0.5; \"><\/div><\/div><div class=\"nectar-shape-divider-wrap no-color\" style=\" height:350px;\"  data-height=\"350\" data-front=\"\" data-style=\"waves_opacity_alt\" data-position=\"bottom\" ><svg class=\"nectar-shape-divider\" aria-hidden=\"true\" fill=\"\" xmlns=\"http:\/\/www.w3.org\/2000\/svg\" viewbox=\"0 0 1000 300\" preserveaspectratio=\"none\">\n          <path d=\"M 1000 299 l 2 -279 c -155 -36 -310 135 -415 164 c -102.64 28.35 -149 -32 -232 -31 c -80 1 -142 53 -229 80 c -65.54 20.34 -101 15 -126 11.61 v 54.39 z\"><\/path> <path d=\"M 1000 286 l 2 -252 c -157 -43 -302 144 -405 178 c -101.11 33.38 -159 -47 -242 -46 c -80 1 -145.09 54.07 -229 87 c -65.21 25.59 -104.07 16.72 -126 10.61 v 22.39 z\"><\/path> <path d=\"M 1000 300 l 1 -230.29 c -217 -12.71 -300.47 129.15 -404 156.29 c -103 27 -174 -30 -257 -29 c -80 1 -130.09 37.07 -214 70 c -61.23 24 -108 15.61 -126 10.61 v 22.39 z\"><\/path>\n           <\/svg><\/div><div class=\"row_col_wrap_12 col span_12 light left\">\n\t<div  class=\"vc_col-sm-12 wpb_column column_container vc_column_container col no-extra-padding inherit_tablet inherit_phone\"  data-padding-pos=\"all\" data-has-bg-color=\"false\" data-bg-color=\"\" data-bg-opacity=\"1\" data-animation=\"\" data-delay=\"0\" >\n\t\t<div class=\"vc_column-inner\" >\n\t\t\t<div class=\"wpb_wrapper\">\n\t\t\t\t<div class=\"nectar-split-heading\" data-align=\"default\" data-m-align=\"inherit\" data-text-effect=\"default\" data-animation-type=\"line-reveal-by-space\" data-animation-delay=\"0\" data-animation-offset=\"\" data-m-rm-animation=\"\" data-stagger=\"\" data-custom-font-size=\"false\" ><h2 >TRANSPORT VON BOOTEN<\/h2><\/div><div id=\"fws_69eb6e010ae81\" data-midnight=\"\" data-column-margin=\"default\" class=\"wpb_row vc_row-fluid vc_row inner_row\"  style=\"\"><div class=\"row-bg-wrap\"> <div class=\"row-bg\" ><\/div> <\/div><div class=\"row_col_wrap_12_inner col span_12  left\">\n\t<div  class=\"vc_col-sm-12 wpb_column column_container vc_column_container col child_column has-animation no-extra-padding inherit_tablet inherit_phone\"   data-padding-pos=\"all\" data-has-bg-color=\"false\" data-bg-color=\"\" data-bg-opacity=\"1\" data-animation=\"fade-in-from-bottom\" data-delay=\"400\" >\n\t\t<div class=\"vc_column-inner\" >\n\t\t<div class=\"wpb_wrapper\">\n\t\t\t\n\t\t<\/div> \n\t<\/div>\n\t<\/div> \n<\/div><\/div>\n\t\t\t<\/div> \n\t\t<\/div>\n\t<\/div> \n<\/div><\/div>\n\t\t<div id=\"fws_69eb6e010b8cf\"  data-column-margin=\"default\" data-midnight=\"dark\" data-top-percent=\"2%\"  class=\"wpb_row vc_row-fluid vc_row\"  style=\"padding-top: calc(100vw * 0.02); padding-bottom: 0px; \"><div class=\"row-bg-wrap\" data-bg-animation=\"none\" data-bg-animation-delay=\"\" data-bg-overlay=\"false\"><div class=\"inner-wrap row-bg-layer\" ><div class=\"row-bg viewport-desktop\"  style=\"\"><\/div><\/div><\/div><div class=\"row_col_wrap_12 col span_12 dark left\">\n\t<div  class=\"vc_col-sm-12 wpb_column column_container vc_column_container col no-extra-padding inherit_tablet inherit_phone\"  data-padding-pos=\"all\" data-has-bg-color=\"false\" data-bg-color=\"\" data-bg-opacity=\"1\" data-animation=\"\" data-delay=\"0\" >\n\t\t<div class=\"vc_column-inner\" >\n\t\t\t<div class=\"wpb_wrapper\">\n\t\t\t\t\n<div class=\"wpb_text_column wpb_content_element\" >\n\t<div class=\"wpb_wrapper\">\n\t\t<p>Um einen umfassenden Kundenservice und Zufriedenheit zu bieten, bietet MK Nautica einen Boots- und Ausr\u00fcstungstransportservice an. Wir transportieren alle Arten von Booten, von Motorbooten \u00fcber Segelboote bis hin zu Werftbooten.<\/p>\n<p><img loading=\"lazy\" decoding=\"async\" class=\"wp-image-5909 alignleft\" src=\"https:\/\/www.mk-nautica.eu\/wp-content\/uploads\/2023\/02\/PRIJEVOZ-PLOVILA-MK-NAUTICA-300x135.jpg\" alt=\"\" width=\"460\" height=\"207\" srcset=\"\" sizes=\"auto, (max-width: 460px) 100vw, 460px\" data-srcset=\"\" \/>Sie k\u00f6nnen Ihr Boot w\u00e4hrend des Transports in sicheren H\u00e4nden lassen. Wir transportieren sie schonend, damit sie sicher und schnell an ihrem Bestimmungsort ankommen. Neben dem Abschluss einer Transportversicherung transportieren wir Ihr Boot gerne unabh\u00e4ngig von der Entfernung im Hoheitsgebiet der Republik Kroatien oder der Europ\u00e4ischen Union mit unseren eigenen Transportmitteln, die auf Minimierung der Transportkosten gepr\u00fcft wurden, zum angegebenen Zielort M\u00f6glichkeit unvorhergesehener Verz\u00f6gerungen und sorgen f\u00fcr maximale Kundenzufriedenheit.<\/p>\n<p>Das Angebot f\u00fcr jeden Transport wird separat erstellt, abh\u00e4ngig von allen Elementen und Parametern, die den Preis beeinflussen, wie z. B. Mautgeb\u00fchren, Entfernung zum Standort, Gr\u00f6\u00dfe und Gewicht des Bootes oder der Ausr\u00fcstung, eigenes oder unser Transportmittel usw.<\/p>\n<p>Bei Fragen zu Transport und Preis k\u00f6nnen Sie sich gerne per E-Mail, Telefon oder Kontaktformular an uns wenden, damit wir Ihnen mit Ratschl\u00e4gen und Vorschl\u00e4gen die optimale L\u00f6sung anbieten, ein Angebot erstellen und den Preis der Dienstleistung definieren k\u00f6nnen.<\/p>\n\t<\/div>\n<\/div>\n\n\n\n\n\t\t\t<\/div> \n\t\t<\/div>\n\t<\/div> \n<\/div><\/div>\n\t\t<div id=\"discover\"  data-column-margin=\"none\" data-midnight=\"dark\"  class=\"wpb_row vc_row-fluid vc_row full-width-content vc_row-o-equal-height vc_row-flex vc_row-o-content-top\"  style=\"padding-top: 0px; padding-bottom: 0px; \"><div class=\"row-bg-wrap\" data-bg-animation=\"none\" data-bg-animation-delay=\"\" data-bg-overlay=\"false\"><div class=\"inner-wrap row-bg-layer\" ><div class=\"row-bg viewport-desktop using-bg-color\"  style=\"background-color: #ffffff; \"><\/div><\/div><\/div><div class=\"row_col_wrap_12 col span_12 dark left\">\n\t<div  class=\"vc_col-sm-12 wpb_column column_container vc_column_container col no-extra-padding inherit_tablet inherit_phone\"  data-padding-pos=\"all\" data-has-bg-color=\"false\" data-bg-color=\"\" data-bg-opacity=\"1\" data-animation=\"\" data-delay=\"0\" >\n\t\t<div class=\"vc_column-inner\" >\n\t\t\t<div class=\"wpb_wrapper\">\n\t\t\t\t<div id=\"map_69eb6e010cfc0\" style=\"height: 400px;\" class=\"nectar-google-map\" data-infowindow-start-open=\"\" data-dark-color-scheme=\"\" data-marker-style=\"nectar\" data-nectar-marker-color=\"accent-color\" data-ultra-flat=\"\" data-greyscale=\"\" data-extra-color=\"\" data-enable-animation=\"1\" data-enable-zoom=\"\" data-zoom-level=\"15\" data-center-lat=\"44.9827405\" data-center-lng=\"14.0551394\" data-marker-img=\"\"><\/div><div class=\"map_69eb6e010cfc0 map-marker-list\"><div class=\"map-marker\" data-marker-image-width=\"50\" data-marker-image-height=\"50\" data-lat=\"44.9827405 \" data-lng=\" 14.0551394 \" data-mapinfo=\" MK NAUTICA\"><\/div><\/div>\n\t\t\t<\/div> \n\t\t<\/div>\n\t<\/div> \n<\/div><\/div>","protected":false},"excerpt":{"rendered":"TRANSPORT VON SCHIFFEN Um einen umfassenden Kundenservice und Zufriedenheit zu gew\u00e4hrleisten, bietet MK Nautica den Service des Transports von Schiffen und Ausr\u00fcstung an. Wir transportieren alle Arten von Booten vom Motor bis zum...","protected":false},"author":1,"featured_media":0,"parent":0,"menu_order":0,"comment_status":"closed","ping_status":"closed","template":"","meta":{"footnotes":""},"class_list":["post-5905","page","type-page","status-publish"],"acf":[],"_links":{"self":[{"href":"https:\/\/www.mk-nautica.eu\/de\/wp-json\/wp\/v2\/pages\/5905","targetHints":{"allow":["GET"]}}],"collection":[{"href":"https:\/\/www.mk-nautica.eu\/de\/wp-json\/wp\/v2\/pages"}],"about":[{"href":"https:\/\/www.mk-nautica.eu\/de\/wp-json\/wp\/v2\/types\/page"}],"author":[{"embeddable":true,"href":"https:\/\/www.mk-nautica.eu\/de\/wp-json\/wp\/v2\/users\/1"}],"replies":[{"embeddable":true,"href":"https:\/\/www.mk-nautica.eu\/de\/wp-json\/wp\/v2\/comments?post=5905"}],"version-history":[{"count":12,"href":"https:\/\/www.mk-nautica.eu\/de\/wp-json\/wp\/v2\/pages\/5905\/revisions"}],"predecessor-version":[{"id":6354,"href":"https:\/\/www.mk-nautica.eu\/de\/wp-json\/wp\/v2\/pages\/5905\/revisions\/6354"}],"wp:attachment":[{"href":"https:\/\/www.mk-nautica.eu\/de\/wp-json\/wp\/v2\/media?parent=5905"}],"curies":[{"name":"wp","href":"https:\/\/api.w.org\/{rel}","templated":true}]}}