{"id":3,"date":"2023-01-25T20:16:57","date_gmt":"2023-01-25T20:16:57","guid":{"rendered":"https:\/\/www.mk-nautica.eu\/?page_id=3"},"modified":"2023-02-25T14:23:15","modified_gmt":"2023-02-25T14:23:15","slug":"privacy-policy","status":"publish","type":"page","link":"https:\/\/www.mk-nautica.eu\/de\/privacy-policy\/","title":{"rendered":"DATENSCHUTZ UND NUTZUNGSBEDINGUNGEN"},"content":{"rendered":"<header class=\"entry-header\">\r\n<h1 class=\"entry-title wp-block-heading\">DATENSCHUTZERKL\u00c4RUNG<\/h1>\r\n<\/header>\r\n<div class=\"entry-content\">\r\n<p>MK Nautica doo verpflichtet sich, die Anonymit\u00e4t und Privatsph\u00e4re der Benutzer dieser Website zu respektieren. MK Nautica doo kann personenbezogene Benutzerdaten wie Name, Adresse, Telefonnummer oder E-Mail-Adresse nur sammeln, wenn der Benutzer sie MKNautica doo freiwillig zur Verf\u00fcgung stellt. Wir sammeln nur notwendige, grundlegende Daten \u00fcber Kunden \/ Benutzer, die es uns erm\u00f6glichen, sie anzusprechen ihnen, da wir ihnen den gew\u00fcnschten Service bieten w\u00fcrden. Alle Benutzerdaten werden streng aufbewahrt und stehen nur den Mitarbeitern zur Verf\u00fcgung, die diese Daten zur Durchf\u00fchrung ihrer Arbeit ben\u00f6tigen. MK Nautica doo behandelt alle personenbezogenen Daten wie Name, Adresse, Telefonnummer, E-Mail-Adresse oder Handynummer, die der Besucher per E-Mail, \u00fcber Formulare oder auf andere Weise \u00fcbermittelt, als Gesch\u00e4ftsgeheimnis und gibt sie nicht weiter mit an Dritte. MK Nautica wird Benutzerdaten nur auf beh\u00f6rdliche Aufforderung hin, d. h. \u201ekraft\u201c des Gesetzes, Dritten zug\u00e4nglich machen.<\/p>\r\n<p>Alle zuk\u00fcnftigen \u00c4nderungen dieser Datenschutzerkl\u00e4rung werden auf dieser Seite ver\u00f6ffentlicht. Es liegt in der Verantwortung des Benutzers, diese Datenschutzerkl\u00e4rung regelm\u00e4\u00dfig auf \u00c4nderungen zu \u00fcberpr\u00fcfen.<\/p>\r\n<p>Wir verpflichten uns, die folgenden Datenschutzgrunds\u00e4tze einzuhalten:<\/p>\r\n<ul>\r\n<li>Die Privatsph\u00e4re und der Datenschutz der Nutzer sind Menschenrechte<\/li>\r\n<li>Wir sind verpflichtet, uns um die Benutzer und ihre Daten zu k\u00fcmmern<\/li>\r\n<li>Daten sind eine Verantwortung, sie sollten nur dann erhoben und verarbeitet werden, wenn es wirklich notwendig ist<\/li>\r\n<li>Die Datenverarbeitung ist rechtm\u00e4\u00dfig, fair und transparent. Unser Datenverarbeitungsprozess hat eine gesetzliche Grundlage. Wir ber\u00fccksichtigen immer Ihre Rechte, bevor wir Ihre personenbezogenen Daten verarbeiten. Auf Anfrage erteilen wir Ihnen Auskunft \u00fcber die Verarbeitung Ihrer Daten.<\/li>\r\n<li>Die Datenverarbeitung ist auf den Zweck beschr\u00e4nkt. Unsere Datenverarbeitungsvorg\u00e4nge entsprechen dem Zweck, f\u00fcr den die personenbezogenen Daten erhoben wurden.<\/li>\r\n<li>Die Datenverarbeitung erfolgt mit einer minimalen Datenmenge. Wir erheben und verarbeiten die f\u00fcr jeden Zweck erforderliche Mindestmenge an personenbezogenen Daten.<\/li>\r\n<li>Die Verarbeitung ist zeitlich begrenzt. Wir speichern Ihre personenbezogenen Daten nicht l\u00e4nger als n\u00f6tig.<\/li>\r\n<li>Wir werden alles tun, um die Richtigkeit der Daten sicherzustellen.<\/li>\r\n<li>Wir werden Ihre personenbezogenen Daten niemals verkaufen, vermieten oder anderweitig verteilen oder \u00f6ffentlich bekannt geben. Wir werden alles tun, um die Integrit\u00e4t und Vertraulichkeit der Daten zu gew\u00e4hrleisten.<\/li>\r\n<\/ul>\r\n<h3>Daten, die wir sammeln<\/h3>\r\n<p>Ihre Daten, denen Sie zugestimmt haben, sie mit uns zu teilen<\/p>\r\n<p>Dies k\u00f6nnen Ihre E-Mail-Adresse, Ihr Name, Ihre Telefonnummer, Ihre Privatadresse usw. sein \u2013 meist Informationen, die zur Bereitstellung des Produkts oder der Dienstleistung oder zur Verbesserung Ihrer Benutzererfahrung erforderlich sind.\u00a0<\/p>\r\n<p>Bei einer Anfrage \u00fcber das Kontaktformular auf der Seite gibt der Nutzer direkt folgende personenbezogene Daten an:<br \/>1. Vor- und Nachname \/ Firmenname<br \/>2. Kontakttelefon<br \/>3. Benutzer-E-Mail<br \/>4. Benutzernachricht<\/p>\r\n<h3>Informationen \u00fcber Sie, die automatisch erfasst werden<\/h3>\r\n<p>Dazu geh\u00f6ren Informationen, die automatisch von Cookies und anderen Sitzungstools gespeichert werden. Zum Beispiel Informationen \u00fcber Ihre IP-Adresse, Kaufhistorie (falls vorhanden) usw. Diese Informationen werden verwendet, um Ihre Benutzererfahrung zu verbessern. Wenn Sie unsere Dienste nutzen oder den Inhalt unserer Website anzeigen, k\u00f6nnen Ihre Aktivit\u00e4ten gemeldet werden.<\/p>\r\n<p>Indirekte Datenerhebung<br \/>1. Durch Cookies \u2013 dem Benutzer wird durch die Cookie-Methode eine eindeutige Kennung zugewiesen (mehr unter \u201eCookies\u201c)<\/p>\r\n<h3>Wie wir Ihre personenbezogenen Daten verwenden<\/h3>\r\n<\/div>\r\n<p>Die Verwendung der gesammelten Informationen Durch das Akzeptieren dieser Datenschutzbestimmungen und Nutzungsbedingungen erteilt der Benutzer sein Einverst\u00e4ndnis, dass die \u00fcber www.mk-nautica.eu gesammelten Daten verwendet werden k\u00f6nnen.<\/p>\r\n<p>Wir verarbeiten Ihre personenbezogenen Daten zur Erf\u00fcllung der sich daraus ergebenden Verpflichtung\u00a0<a href=\"https:\/\/narodne-novine.nn.hr\/clanci\/sluzbeni\/2018_05_42_805.html\">des Gesetzes zur Durchf\u00fchrung der Allgemeinen Datenschutzverordnung<\/a> und wir verwenden Ihre personenbezogenen Daten auf die vom selben Gesetz vorgeschriebene Weise. Wir behalten uns das Recht vor, erhobene personenbezogene Daten zu anonymisieren und solche Daten zu verwenden. Wir verwenden Daten au\u00dferhalb des Anwendungsbereichs dieses Gesetzes nur, wenn sie anonym sind. Wir speichern Ihre Daten und andere \u00fcber Sie erhobene Informationen so lange, wie es f\u00fcr Abrechnungszwecke oder andere gesetzliche Verpflichtungen erforderlich ist, jedoch nicht l\u00e4nger als 10 Jahre.<\/p>\r\n<p>Diese Website wurde in \u00dcbereinstimmung mit den folgenden nationalen und internationalen Gesetzen zum Datenschutz und zur Privatsph\u00e4re der Benutzer erstellt:<\/p>\r\n<ul>\r\n<li><a href=\"http:\/\/eur-lex.europa.eu\/legal-content\/HR\/TXT\/?uri=CELEX%3A31995L0046\">EU-Datenschutzrichtlinie (DPD)<\/a><\/li>\r\n<li><a href=\"https:\/\/www.zakon.hr\/z\/193\/Zakon-o-za%C5%A1titi-potro%C5%A1a%C4%8Da\">Verbraucherschutzrecht<\/a><\/li>\r\n<li><a href=\"https:\/\/www.zakon.hr\/z\/220\/Zakon-o-za%C5%A1titi-osobnih-podataka\">Gesetz zum Schutz personenbezogener Daten<\/a><\/li>\r\n<li><a href=\"http:\/\/eur-lex.europa.eu\/legal-content\/HR\/TXT\/?uri=CELEX%3A31995L0046\">EU-Datenschutz-Grundverordnung (DSGVO)<\/a><\/li>\r\n<\/ul>\r\n\r\n\r\n\r\n\r\n\r\n<h2 class=\"wp-block-heading\">KEKSE<\/h2>\r\n\r\n\r\n\r\n<p>Wir verwenden Cookies oder \u00e4hnliche Technologien, um das Benutzerverhalten zu analysieren, die Website zu verwalten, Benutzerbewegungen zu verfolgen und Benutzerdaten zu sammeln. Wir tun dies, um Ihre Erfahrung mit uns zu personalisieren und zu verbessern.<\/p>\r\n<p>Ein Cookie ist eine kleine Textdatei, die auf Ihrem Computer gespeichert wird. Cookies speichern Informationen, die verwendet werden, damit Websites funktionieren. Nur wir k\u00f6nnen auf die von unserer Website erstellten Cookies zugreifen. Sie k\u00f6nnen Cookies auf Browserebene steuern. Die Deaktivierung von Cookies kann die Verwendung bestimmter Website-Funktionen beeintr\u00e4chtigen.<\/p>\r\n<p>Was sind tempor\u00e4re Cookies?<br \/>Tempor\u00e4re Cookies oder Sitzungscookies werden vom Computer entfernt, wenn der Internetbrowser geschlossen wird. Websites verwenden sie, um tempor\u00e4re Daten zu speichern.<\/p>\r\n<p>Was sind dauerhafte Cookies?<br \/>Permanente oder gespeicherte Cookies verbleiben nach dem Schlie\u00dfen des Internetbrowser-Programms auf dem Computer. Mit ihnen speichern Websites Informationen wie Ihren Anmeldenamen und Ihr Passwort, sodass Sie sich nicht jedes Mal anmelden m\u00fcssen, wenn Sie eine bestimmte Website besuchen.<\/p>\r\n<p>Wir verwenden Cookies f\u00fcr folgende Zwecke:<\/p>\r\n<p>Notwendige Cookies (notwendig) \u2013 diese Cookies sind erforderlich, um einige wichtige Funktionen auf unserer Website zu nutzen, wie z. B. das Einloggen. Diese Cookies erheben keine personenbezogenen Daten.<br \/>Cookies f\u00fcr Funktionalit\u00e4t (f\u00fcr Einstellungen) \u2013 diese Cookies aktivieren Funktionalit\u00e4t, die unseren Service einfacher macht und die Bereitstellung personalisierterer Optionen erm\u00f6glicht. Beispielsweise k\u00f6nnen sie sich Ihren Namen und Ihre E-Mail-Adresse in Kommentar- und\/oder Kontaktformularen merken, sodass Sie diese Informationen beim n\u00e4chsten Kommentieren und\/oder Ausf\u00fcllen eines Kontaktformulars nicht erneut eingeben m\u00fcssen.<br \/>Google Analytics-Cookies (Statistik) \u2013 Diese Cookies werden verwendet, um die Nutzung und Leistung unserer Websites und Dienste zu verfolgen<br \/>Cookies f\u00fcr Werbung (Marketing) \u2013 diese Cookies werden verwendet, um Anzeigen anzuzeigen, die f\u00fcr Sie und Ihre Interessen relevant sind. Dar\u00fcber hinaus werden sie verwendet, um die Anzahl der Anzeigenimpressionen zu begrenzen. Sie werden in der Regel von Werbenetzwerken mit Erlaubnis des Website-Betreibers auf einer Website platziert. Diese Cookies merken sich, dass Sie die Website besucht haben und dass Informationen mit anderen Organisationen, wie z. B. Werbetreibenden, geteilt werden. H\u00e4ufig werden Werbe-Cookies mit einer Website-Funktion verkn\u00fcpft, die von einer anderen Organisation bereitgestellt wird.<br \/>Sie k\u00f6nnen auf Ihrem Computer gespeicherte Cookies \u00fcber Ihre Browsereinstellungen entfernen. Alternativ k\u00f6nnen Sie einige Cookies von Drittanbietern kontrollieren, indem Sie eine datenschutzf\u00f6rdernde Plattform wie optout.aboutads.info oder youronlinechoices.com verwenden. Weitere Informationen zu Cookies finden Sie unter allaboutcookies.org.<\/p>\r\n\r\n\r\n<header class=\"entry-header\">\r\n<h1 class=\"entry-title wp-block-heading\">NUTZUNGSBEDINGUNGEN<\/h1>\r\n<\/header>\r\n<div class=\"entry-content\">\r\n<p>Jegliche Nutzung der Website www.mk-nautica.eu unterliegt den nachstehenden Bedingungen. Auf dieser Website ver\u00f6ffentlichte Dokumente d\u00fcrfen nur f\u00fcr nichtkommerzielle Zwecke und nur f\u00fcr den individuellen Gebrauch und unter Beachtung aller Urheberrechte kopiert werden. Die auf dieser Seite ver\u00f6ffentlichten Dokumente sind Eigentum von MK Nautica oder anderen Parteien, die einen Gesch\u00e4ftspartner vertreten. Daher d\u00fcrfen sie ohne die ausdr\u00fcckliche Zustimmung von MK Nautica doo oder seinen Partnern nicht weiter kopiert, vervielf\u00e4ltigt oder anderweitig verbreitet werden. MK Nautica doo wird angemessene Anstrengungen unternehmen, um genaue und aktuelle Informationen auf der Website zu finden, kann jedoch nicht f\u00fcr deren Genauigkeit und Vollst\u00e4ndigkeit verantwortlich gemacht werden. Alle Benutzer, die auf die Website www.mk-nautica.eu zugreifen, verwenden deren Inhalt auf eigenes Risiko. MK Nautica doo ist nicht verantwortlich f\u00fcr direkte, zuf\u00e4llige, Folge-, indirekte oder Strafsch\u00e4den, die sich aus dem Zugriff, der Nutzung oder der Unm\u00f6glichkeit der Nutzung der Website www.mk-nautica.eu oder aufgrund von Fehlern oder Unvollst\u00e4ndigkeiten in ihrem Inhalt ergeben. MK Nautica doo beh\u00e4lt sich das Recht vor, den Inhalt dieser Website jederzeit und ohne Angabe von Gr\u00fcnden zu \u00e4ndern, und haftet nicht f\u00fcr m\u00f6gliche Folgen, die sich aus solchen \u00c4nderungen ergeben. Die aufgef\u00fchrten Preise enthalten die gesetzliche Mehrwertsteuer und dienen zu Informationszwecken und k\u00f6nnen sich \u00e4ndern.<\/p>\r\n<p>Alle zuk\u00fcnftigen \u00c4nderungen dieser Bedingungen werden auf dieser Seite ver\u00f6ffentlicht. Es liegt in der Verantwortung des Benutzers, diese Nutzungsbedingungen regelm\u00e4\u00dfig auf \u00c4nderungen zu \u00fcberpr\u00fcfen.<\/p>\r\n<p><br \/>Letzte \u00c4nderung der Nutzungsbedingungen 25.02.2023.<\/p>\r\n<p>Letzte \u00c4nderung dieser Datenschutzerkl\u00e4rung 25.02.2023.<\/p>\r\n<\/div>","protected":false},"excerpt":{"rendered":"<p>DATENSCHUTZERKL\u00c4RUNG MK Nautica doo verpflichtet sich, die Anonymit\u00e4t und Privatsph\u00e4re der Benutzer dieser Website zu respektieren. MK Nautica doo kann personenbezogene Daten von Benutzern sammeln, wie zum Beispiel...<\/p>","protected":false},"author":1,"featured_media":0,"parent":0,"menu_order":0,"comment_status":"closed","ping_status":"open","template":"","meta":{"footnotes":""},"class_list":["post-3","page","type-page","status-publish"],"acf":[],"_links":{"self":[{"href":"https:\/\/www.mk-nautica.eu\/de\/wp-json\/wp\/v2\/pages\/3","targetHints":{"allow":["GET"]}}],"collection":[{"href":"https:\/\/www.mk-nautica.eu\/de\/wp-json\/wp\/v2\/pages"}],"about":[{"href":"https:\/\/www.mk-nautica.eu\/de\/wp-json\/wp\/v2\/types\/page"}],"author":[{"embeddable":true,"href":"https:\/\/www.mk-nautica.eu\/de\/wp-json\/wp\/v2\/users\/1"}],"replies":[{"embeddable":true,"href":"https:\/\/www.mk-nautica.eu\/de\/wp-json\/wp\/v2\/comments?post=3"}],"version-history":[{"count":3,"href":"https:\/\/www.mk-nautica.eu\/de\/wp-json\/wp\/v2\/pages\/3\/revisions"}],"predecessor-version":[{"id":6358,"href":"https:\/\/www.mk-nautica.eu\/de\/wp-json\/wp\/v2\/pages\/3\/revisions\/6358"}],"wp:attachment":[{"href":"https:\/\/www.mk-nautica.eu\/de\/wp-json\/wp\/v2\/media?parent=3"}],"curies":[{"name":"wp","href":"https:\/\/api.w.org\/{rel}","templated":true}]}}